{"id":10815,"date":"2021-07-15T13:02:11","date_gmt":"2021-07-15T10:02:11","guid":{"rendered":"https:\/\/www.liminka.fi\/?page_id=10815"},"modified":"2023-04-17T13:41:30","modified_gmt":"2023-04-17T10:41:30","slug":"housing-and-new-development","status":"publish","type":"page","link":"https:\/\/www.liminka.fi\/en\/housing-and-new-development\/","title":{"rendered":"Housing and new development"},"content":{"rendered":"<p>Did you know that Liminka is a paradise for detached house living? In Liminka you live in a countryside municipality, close to good public services as well to nature &#8211; all this only 20 minutes away from the city of Oulu. The land lots in Liminka are good-sized; ample space, nature and recreation has been taken into consideration in the town planning. Each neighbourhood forms its own little village inside a village. When you want to live in a safe, peaceful and comfortable environment, Liminka is your first choice.<\/p>\n<p><img loading=\"lazy\" decoding=\"async\" class=\"aligncenter size-full wp-image-6692\" src=\"https:\/\/www.liminka.fi\/\/wp-content\/uploads\/lapset-metikossa.png\" alt=\"Lapset leikkiv\u00e4t mets\u00e4ss\u00e4.\" width=\"800\" height=\"450\" srcset=\"https:\/\/www.liminka.fi\/wp-content\/uploads\/lapset-metikossa.png 800w, https:\/\/www.liminka.fi\/wp-content\/uploads\/lapset-metikossa-300x169.png 300w, https:\/\/www.liminka.fi\/wp-content\/uploads\/lapset-metikossa-768x432.png 768w\" sizes=\"auto, (max-width: 800px) 100vw, 800px\" \/><\/p>\n<p>Liminka is a municipality of good travel connections and you can reach it easily from the motorway. In the future, Liminka is planning to start a commuter train service, which could take you effortlessly to the Oulu city for work or leisure. Liminka also has its own regional optical fibre so when working from home, you can rest assured that everything runs smoothly.<\/p>\n<p>Liminka\u2019s services are designed to work, whether you need a land reservation, construction permit, health and social services, lunch spots or anything else &#8211; the services are always nearby. There are also exceptional opportunities for hobbies and leisure activities in Liminka. At Lakeuden kansalaisopisto and the Liminka School of Art you can strengthen your cultural know-how and artistic skills. Music teaching is available at Limingan seudun musiikkiopisto. There are also sports opportunities for ice hockey or football, and even fencing or ballet.<\/p>\n<p>Liminka has all mentioned below things and even more:<\/p>\n<ul>\n<li>The most mover attractive municipality in Northern Ostrobothnia<\/li>\n<li>One of the best public health services in Northern Ostrobothnia<\/li>\n<li>Generously-sized land lots<\/li>\n<li>7<sup>th<\/sup> most educated working-age population in Finland<\/li>\n<li>The perfect choice for people who love nature and the outdoors<\/li>\n<li>Youngest population in Finland<\/li>\n<li>Second lowest unemployment in Northern Ostrobothnia<\/li>\n<li>One of the top municipalities for proportional population growth in Finland in the 2000s<\/li>\n<li>A municipality that actively maps out detached house land lots near services<\/li>\n<li>A municipality that warmly welcomes all new residents and entrepreneurs<\/li>\n<\/ul>\n<p>We always have land lots and apartments for sale so feel free to contact Liminka municipality or come visit us to Lakeustalo.<\/p>\n<blockquote><p>Liminka \u2013 here is home!<\/p><\/blockquote>\n<p>&nbsp;<\/p>\n<p>&nbsp;<\/p>\n","protected":false},"excerpt":{"rendered":"<p>Did you know that Liminka is a paradise for detached house living? In Liminka you live in a countryside municipality, close to good public services<\/p>\n","protected":false},"author":1,"featured_media":0,"parent":0,"menu_order":0,"comment_status":"closed","ping_status":"closed","template":"","meta":{"_acf_changed":false,"_relevanssi_hide_post":"","_relevanssi_hide_content":"","_relevanssi_pin_for_all":"","_relevanssi_pin_keywords":"","_relevanssi_unpin_keywords":"","_relevanssi_related_keywords":"","_relevanssi_related_include_ids":"","_relevanssi_related_exclude_ids":"","_relevanssi_related_no_append":"","_relevanssi_related_not_related":"","_relevanssi_related_posts":"","_relevanssi_noindex_reason":"","inline_featured_image":false,"footnotes":""},"class_list":["post-10815","page","type-page","status-publish","hentry"],"acf":[],"_links":{"self":[{"href":"https:\/\/www.liminka.fi\/en\/wp-json\/wp\/v2\/pages\/10815","targetHints":{"allow":["GET"]}}],"collection":[{"href":"https:\/\/www.liminka.fi\/en\/wp-json\/wp\/v2\/pages"}],"about":[{"href":"https:\/\/www.liminka.fi\/en\/wp-json\/wp\/v2\/types\/page"}],"author":[{"embeddable":true,"href":"https:\/\/www.liminka.fi\/en\/wp-json\/wp\/v2\/users\/1"}],"replies":[{"embeddable":true,"href":"https:\/\/www.liminka.fi\/en\/wp-json\/wp\/v2\/comments?post=10815"}],"version-history":[{"count":21,"href":"https:\/\/www.liminka.fi\/en\/wp-json\/wp\/v2\/pages\/10815\/revisions"}],"predecessor-version":[{"id":26918,"href":"https:\/\/www.liminka.fi\/en\/wp-json\/wp\/v2\/pages\/10815\/revisions\/26918"}],"wp:attachment":[{"href":"https:\/\/www.liminka.fi\/en\/wp-json\/wp\/v2\/media?parent=10815"}],"curies":[{"name":"wp","href":"https:\/\/api.w.org\/{rel}","templated":true}]}}